{"id":9,"date":"2026-02-25T02:50:51","date_gmt":"2026-02-25T02:50:51","guid":{"rendered":"https:\/\/cryptoinsightpro.site\/?page_id=9"},"modified":"2026-02-25T02:50:51","modified_gmt":"2026-02-25T02:50:51","slug":"trang-chu","status":"publish","type":"page","link":"https:\/\/cryptoinsightpro.site\/","title":{"rendered":"Trang ch\u1ee7"},"content":{"rendered":"\n<!-- ========== HERO BANNER ========== -->\n<section class=\"ci-hero\">\n  <div class=\"ci-hero__bg\"><\/div>\n  <div class=\"ci-container\">\n\n    <div class=\"ci-hero__content\">\n      <span class=\"ci-badge\">\ud83e\udd16 AI-Powered \u00b7 On-chain Insight \u00b7 Crypto Intelligence<\/span>\n      <h1 class=\"ci-hero__title\">Insight Crypto <span class=\"ci-gradient-text\">Chuy\u00ean S\u00e2u<\/span><br>\u0110\u01b0\u1ee3c D\u1eabn D\u1eaft B\u1edfi <span class=\"ci-gradient-text\">AI<\/span><\/h1>\n      <p class=\"ci-hero__desc\">N\u1ec1n t\u1ea3ng ph\u00e2n t\u00edch crypto th\u00f4ng minh \u2014 k\u1ebft h\u1ee3p d\u1eef li\u1ec7u on-chain, AI signal v\u00e0 research chuy\u00ean s\u00e2u \u0111\u1ec3 gi\u00fap b\u1ea1n lu\u00f4n \u0111i tr\u01b0\u1edbc th\u1ecb tr\u01b0\u1eddng.<\/p>\n      <div class=\"ci-hero__btns\">\n        <a href=\"\/blog\" class=\"ci-btn ci-btn--primary\">\ud83d\ude80 Kh\u00e1m Ph\u00e1 Insight<\/a>\n        <a href=\"#ci-about\" class=\"ci-btn ci-btn--outline\">V\u1ec1 Ch\u00fang T\u00f4i<\/a>\n      <\/div>\n      <div class=\"ci-hero__stats\">\n        <div class=\"ci-stat\"><strong>10K+<\/strong><span>T\u00edn hi\u1ec7u AI<\/span><\/div>\n        <div class=\"ci-stat-divider\"><\/div>\n        <div class=\"ci-stat\"><strong>500+<\/strong><span>B\u00e1o c\u00e1o<\/span><\/div>\n        <div class=\"ci-stat-divider\"><\/div>\n        <div class=\"ci-stat\"><strong>150K+<\/strong><span>Ng\u01b0\u1eddi d\u00f9ng<\/span><\/div>\n        <div class=\"ci-stat-divider\"><\/div>\n        <div class=\"ci-stat\"><strong>Real-time<\/strong><span>D\u1eef li\u1ec7u<\/span><\/div>\n      <\/div>\n    <\/div>\n\n    <div class=\"ci-hero__visual\">\n      <div class=\"ci-ai-dashboard\">\n        <div class=\"ci-ai-dash__header\">\n          <div class=\"ci-ai-dash__title\">\n            <span class=\"ci-ai-dot\"><\/span>\n            <span>AI Insight Engine<\/span>\n          <\/div>\n          <span class=\"ci-ai-dash__status\">LIVE<\/span>\n        <\/div>\n        <div class=\"ci-ai-dash__signal\">\n          <div class=\"ci-signal-row\">\n            <span class=\"ci-signal-coin\">\u20bf BTC<\/span>\n            <div class=\"ci-signal-bar-wrap\"><div class=\"ci-signal-bar\" style=\"width:88%\"><\/div><\/div>\n            <span class=\"ci-signal-label ci-bullish\">BULLISH<\/span>\n          <\/div>\n          <div class=\"ci-signal-row\">\n            <span class=\"ci-signal-coin\">\u039e ETH<\/span>\n            <div class=\"ci-signal-bar-wrap\"><div class=\"ci-signal-bar ci-bar--2\" style=\"width:74%\"><\/div><\/div>\n            <span class=\"ci-signal-label ci-bullish\">BULLISH<\/span>\n          <\/div>\n          <div class=\"ci-signal-row\">\n            <span class=\"ci-signal-coin\">\u25ce SOL<\/span>\n            <div class=\"ci-signal-bar-wrap\"><div class=\"ci-signal-bar ci-bar--3\" style=\"width:52%\"><\/div><\/div>\n            <span class=\"ci-signal-label ci-neutral\">NEUTRAL<\/span>\n          <\/div>\n          <div class=\"ci-signal-row\">\n            <span class=\"ci-signal-coin\">\u25cf BNB<\/span>\n            <div class=\"ci-signal-bar-wrap\"><div class=\"ci-signal-bar ci-bar--4\" style=\"width:38%\"><\/div><\/div>\n            <span class=\"ci-signal-label ci-bearish\">BEARISH<\/span>\n          <\/div>\n        <\/div>\n        <div class=\"ci-ai-dash__footer\">\n          <div class=\"ci-ai-metric\">\n            <span class=\"ci-ai-metric__icon\">\ud83e\udde0<\/span>\n            <div><strong>AI Score<\/strong><small>94.2 \/ 100<\/small><\/div>\n          <\/div>\n          <div class=\"ci-ai-metric\">\n            <span class=\"ci-ai-metric__icon\">\ud83d\udcca<\/span>\n            <div><strong>Accuracy<\/strong><small>87.4%<\/small><\/div>\n          <\/div>\n          <div class=\"ci-ai-metric\">\n            <span class=\"ci-ai-metric__icon\">\u26a1<\/span>\n            <div><strong>Updated<\/strong><small>2 min ago<\/small><\/div>\n          <\/div>\n        <\/div>\n      <\/div>\n      <div class=\"ci-hero__float ci-hero__float--1\">\n        <span>\ud83e\udd16<\/span>\n        <div><strong>AI Signal<\/strong><small>Active<\/small><\/div>\n      <\/div>\n      <div class=\"ci-hero__float ci-hero__float--2\">\n        <span>\ud83d\udd17<\/span>\n        <div><strong>On-chain<\/strong><small>Real-time<\/small><\/div>\n      <\/div>\n      <div class=\"ci-hero__float ci-hero__float--3\">\n        <span>\ud83d\udcc8<\/span>\n        <div><strong>+87.4%<\/strong><small>Win rate<\/small><\/div>\n      <\/div>\n    <\/div>\n\n  <\/div>\n<\/section>\n\n<!-- ========== FEATURES ========== -->\n<section class=\"ci-section ci-features\" id=\"ci-features\">\n  <div class=\"ci-container\">\n    <div class=\"ci-section__header\">\n      <span class=\"ci-label\">\u26a1 T\u00ednh N\u0103ng<\/span>\n      <h2 class=\"ci-section__title\">T\u1ea1i Sao Ch\u1ecdn <span class=\"ci-gradient-text\">CryptoInsight Pro?<\/span><\/h2>\n      <p class=\"ci-section__sub\">N\u1ec1n t\u1ea3ng insight crypto th\u00f4ng minh nh\u1ea5t \u2014 k\u1ebft h\u1ee3p AI, on-chain data v\u00e0 human expertise<\/p>\n    <\/div>\n    <div class=\"ci-features__grid\">\n      <div class=\"ci-feature-card\">\n        <div class=\"ci-feature-card__icon\">\ud83e\udd16<\/div>\n        <h3>AI Signal Engine<\/h3>\n        <p>H\u1ec7 th\u1ed1ng AI ph\u00e2n t\u00edch h\u00e0ng ngh\u00ecn \u0111i\u1ec3m d\u1eef li\u1ec7u theo th\u1eddi gian th\u1ef1c \u0111\u1ec3 t\u1ea1o ra c\u00e1c t\u00edn hi\u1ec7u mua\/b\u00e1n v\u1edbi \u0111\u1ed9 ch\u00ednh x\u00e1c l\u00ean \u0111\u1ebfn 87.4%.<\/p>\n      <\/div>\n      <div class=\"ci-feature-card\">\n        <div class=\"ci-feature-card__icon\">\ud83d\udd17<\/div>\n        <h3>On-chain Intelligence<\/h3>\n        <p>Theo d\u00f5i d\u00f2ng ti\u1ec1n c\u1ee7a whale, smart money movement, exchange flows v\u00e0 c\u00e1c ch\u1ec9 s\u1ed1 on-chain quan tr\u1ecdng theo th\u1eddi gian th\u1ef1c.<\/p>\n      <\/div>\n      <div class=\"ci-feature-card\">\n        <div class=\"ci-feature-card__icon\">\ud83d\udcca<\/div>\n        <h3>Deep Data Analytics<\/h3>\n        <p>Dashboard d\u1eef li\u1ec7u to\u00e0n di\u1ec7n: market structure, liquidity analysis, derivatives data v\u00e0 macro correlation \u2014 t\u1ea5t c\u1ea3 trong m\u1ed9t n\u01a1i.<\/p>\n      <\/div>\n      <div class=\"ci-feature-card\">\n        <div class=\"ci-feature-card__icon\">\ud83e\udde0<\/div>\n        <h3>Sentiment Analysis<\/h3>\n        <p>AI ph\u00e2n t\u00edch sentiment th\u1ecb tr\u01b0\u1eddng t\u1eeb social media, news v\u00e0 on-chain behavior \u2014 cho b\u1ea1n bi\u1ebft th\u1ecb tr\u01b0\u1eddng \u0111ang &#8220;ngh\u0129&#8221; g\u00ec.<\/p>\n      <\/div>\n      <div class=\"ci-feature-card\">\n        <div class=\"ci-feature-card__icon\">\ud83c\udfaf<\/div>\n        <h3>Alpha Research<\/h3>\n        <p>B\u00e1o c\u00e1o alpha \u0111\u1ed9c quy\u1ec1n t\u1eeb \u0111\u1ed9i ng\u0169 analyst \u2014 ph\u00e1t hi\u1ec7n c\u01a1 h\u1ed9i \u0111\u1ea7u t\u01b0 tr\u01b0\u1edbc khi tr\u1edf th\u00e0nh mainstream trong c\u1ed9ng \u0111\u1ed3ng.<\/p>\n      <\/div>\n      <div class=\"ci-feature-card\">\n        <div class=\"ci-feature-card__icon\">\ud83d\udd14<\/div>\n        <h3>Smart Alert System<\/h3>\n        <p>H\u1ec7 th\u1ed1ng c\u1ea3nh b\u00e1o th\u00f4ng minh: nh\u1eadn th\u00f4ng b\u00e1o ngay khi AI ph\u00e1t hi\u1ec7n t\u00edn hi\u1ec7u b\u1ea5t th\u01b0\u1eddng ho\u1eb7c c\u01a1 h\u1ed9i \u0111\u1eb7c bi\u1ec7t tr\u00ean th\u1ecb tr\u01b0\u1eddng.<\/p>\n      <\/div>\n    <\/div>\n  <\/div>\n<\/section>\n\n<!-- ========== ABOUT ========== -->\n<section class=\"ci-section ci-about\" id=\"ci-about\">\n  <div class=\"ci-container\">\n    <div class=\"ci-about__inner\">\n\n      <div class=\"ci-about__visual\">\n        <div class=\"ci-about__ai-card\">\n          <div class=\"ci-ai-card__header\">\n            <span class=\"ci-ai-card__icon\">\ud83e\udde0<\/span>\n            <div>\n              <strong>CryptoInsight AI<\/strong>\n              <small>v3.2 \u00b7 Production<\/small>\n            <\/div>\n            <span class=\"ci-ai-card__online\">\u25cf Online<\/span>\n          <\/div>\n          <div class=\"ci-ai-card__body\">\n            <div class=\"ci-ai-stat-row\">\n              <span>Models trained<\/span><strong>47<\/strong>\n            <\/div>\n            <div class=\"ci-ai-stat-row\">\n              <span>Data points \/ day<\/span><strong>2.4M<\/strong>\n            <\/div>\n            <div class=\"ci-ai-stat-row\">\n              <span>Signal accuracy<\/span><strong class=\"ci-text-teal\">87.4%<\/strong>\n            <\/div>\n            <div class=\"ci-ai-stat-row\">\n              <span>Uptime<\/span><strong class=\"ci-text-teal\">99.9%<\/strong>\n            <\/div>\n            <div class=\"ci-ai-stat-row\">\n              <span>Coins covered<\/span><strong>350+<\/strong>\n            <\/div>\n          <\/div>\n          <div class=\"ci-ai-card__bar-section\">\n            <div class=\"ci-ai-bar-label\">\n              <span>Model Performance<\/span><span class=\"ci-text-teal\">87.4%<\/span>\n            <\/div>\n            <div class=\"ci-ai-bar-wrap\">\n              <div class=\"ci-ai-bar-fill\" style=\"width:87.4%\"><\/div>\n            <\/div>\n          <\/div>\n          <div class=\"ci-ai-card__chips\">\n            <span class=\"ci-chip\">NLP<\/span>\n            <span class=\"ci-chip\">LSTM<\/span>\n            <span class=\"ci-chip\">XGBoost<\/span>\n            <span class=\"ci-chip\">Transformer<\/span>\n            <span class=\"ci-chip\">On-chain ML<\/span>\n          <\/div>\n        <\/div>\n      <\/div>\n\n      <div class=\"ci-about__content\">\n        <span class=\"ci-label\">\ud83c\udfe2 V\u1ec1 Ch\u00fang T\u00f4i<\/span>\n        <h2 class=\"ci-section__title\">Khi AI G\u1eb7p <br><span class=\"ci-gradient-text\">Crypto Intelligence<\/span><\/h2>\n        <p class=\"ci-about__text\">CryptoInsight Pro \u0111\u01b0\u1ee3c x\u00e2y d\u1ef1ng b\u1edfi \u0111\u1ed9i ng\u0169 k\u1ebft h\u1ee3p gi\u1eefa data scientist, blockchain engineer v\u00e0 veteran trader \u2014 v\u1edbi m\u1ed9t m\u1ee5c ti\u00eau duy nh\u1ea5t: d\u00e2n ch\u1ee7 h\u00f3a c\u00f4ng c\u1ee5 ph\u00e2n t\u00edch crypto c\u1ea5p t\u1ed5 ch\u1ee9c cho nh\u00e0 \u0111\u1ea7u t\u01b0 c\u00e1 nh\u00e2n Vi\u1ec7t Nam.<\/p>\n        <p class=\"ci-about__text\">H\u1ec7 th\u1ed1ng AI c\u1ee7a ch\u00fang t\u00f4i \u0111\u01b0\u1ee3c hu\u1ea5n luy\u1ec7n tr\u00ean h\u00e0ng tri\u1ec7u \u0111i\u1ec3m d\u1eef li\u1ec7u on-chain v\u00e0 market data, li\u00ean t\u1ee5c h\u1ecdc h\u1ecfi v\u00e0 c\u1ea3i thi\u1ec7n \u0111\u1ed9 ch\u00ednh x\u00e1c qua m\u1ed7i chu k\u1ef3 th\u1ecb tr\u01b0\u1eddng.<\/p>\n        <div class=\"ci-about__milestones\">\n          <div class=\"ci-milestone\"><strong>2022<\/strong><span>Ra m\u1eaft<\/span><\/div>\n          <div class=\"ci-milestone\"><strong>150K+<\/strong><span>Ng\u01b0\u1eddi d\u00f9ng<\/span><\/div>\n          <div class=\"ci-milestone\"><strong>87.4%<\/strong><span>Win rate AI<\/span><\/div>\n        <\/div>\n      <\/div>\n\n    <\/div>\n  <\/div>\n<\/section>\n\n<!-- ========== BLOG \/ TIN T\u1ee8C ========== -->\n<section class=\"ci-section ci-news\" id=\"ci-news\">\n  <div class=\"ci-container\">\n    <div class=\"ci-section__header\">\n      <span class=\"ci-label\">\ud83d\udcf0 Insight &amp; Reports<\/span>\n      <h2 class=\"ci-section__title\">Insight <span class=\"ci-gradient-text\">M\u1edbi Nh\u1ea5t<\/span><\/h2>\n      <p class=\"ci-section__sub\">Ph\u00e2n t\u00edch chuy\u00ean s\u00e2u k\u1ebft h\u1ee3p d\u1eef li\u1ec7u AI v\u00e0 on-chain \u0111\u01b0\u1ee3c c\u1eadp nh\u1eadt li\u00ean t\u1ee5c<\/p>\n    <\/div>\n    <div class=\"ci-news__grid\">\n      <div class=\"ci-news__featured\">\n        <div class=\"ci-news-card ci-news-card--featured\">\n          <div class=\"ci-news-card__img-wrap\">\n            <div class=\"ci-news-card__img-placeholder\"><span>\ud83e\udd16<\/span><\/div>\n            <span class=\"ci-news-card__cat\">AI Insight<\/span>\n          <\/div>\n          <div class=\"ci-news-card__body\">\n            <div class=\"ci-news-card__meta-row\">\n              <span class=\"ci-news-card__date\">24 Th\u00e1ng 2, 2026<\/span>\n              <span class=\"ci-news-card__read\">\u23f1 15 ph\u00fat<\/span>\n              <span class=\"ci-news-card__ai-tag\">\ud83e\udd16 AI Generated<\/span>\n            <\/div>\n            <h3 class=\"ci-news-card__title\">Bitcoin Whale Accumulation: AI Ph\u00e1t Hi\u1ec7n T\u00edn Hi\u1ec7u T\u00edch L\u0169y L\u1edbn Nh\u1ea5t T\u1eeb 2020<\/h3>\n            <p class=\"ci-news-card__excerpt\">H\u1ec7 th\u1ed1ng AI c\u1ee7a CryptoInsight Pro v\u1eeba ph\u00e1t hi\u1ec7n m\u1ed9t pattern t\u00edch l\u0169y \u0111\u1eb7c bi\u1ec7t t\u1eeb c\u00e1c v\u00ed whale l\u1edbn \u2014 t\u01b0\u01a1ng t\u1ef1 giai \u0111o\u1ea1n tr\u01b0\u1edbc bull run 2020\u20132021. Ph\u00e2n t\u00edch chi ti\u1ebft on-chain v\u00e0 implications cho th\u1ecb tr\u01b0\u1eddng&#8230;<\/p>\n            <div class=\"ci-news-card__tags\">\n              <span class=\"ci-tag\">AI Signal<\/span>\n              <span class=\"ci-tag\">Whale Watch<\/span>\n              <span class=\"ci-tag\">BTC<\/span>\n            <\/div>\n            <a href=\"\/blog\" class=\"ci-news-card__link\">\u0110\u1ecdc insight <span>\u2192<\/span><\/a>\n          <\/div>\n        <\/div>\n      <\/div>\n      <div class=\"ci-news__sidebar\">\n        <div class=\"ci-news-card ci-news-card--small\">\n          <div class=\"ci-news-card__img-placeholder ci-news-card__img-placeholder--sm\"><span>\ud83d\udcca<\/span><\/div>\n          <div class=\"ci-news-card__body\">\n            <span class=\"ci-news-card__cat\">On-chain<\/span>\n            <h4>ETH Staking Ratio Ch\u1ea1m \u0110\u1ec9nh: T\u00edn Hi\u1ec7u G\u00ec T\u1eeb AI?<\/h4>\n            <span class=\"ci-news-card__date\">22 Th\u00e1ng 2, 2026<\/span>\n          <\/div>\n        <\/div>\n        <div class=\"ci-news-card ci-news-card--small\">\n          <div class=\"ci-news-card__img-placeholder ci-news-card__img-placeholder--sm\"><span>\ud83c\udfaf<\/span><\/div>\n          <div class=\"ci-news-card__body\">\n            <span class=\"ci-news-card__cat\">Alpha<\/span>\n            <h4>AI Ph\u00e1t Hi\u1ec7n 5 Altcoin Smart Money \u0110ang \u00c2m Th\u1ea7m Mua<\/h4>\n            <span class=\"ci-news-card__date\">20 Th\u00e1ng 2, 2026<\/span>\n          <\/div>\n        <\/div>\n        <div class=\"ci-news-card ci-news-card--small\">\n          <div class=\"ci-news-card__img-placeholder ci-news-card__img-placeholder--sm\"><span>\ud83e\udde0<\/span><\/div>\n          <div class=\"ci-news-card__body\">\n            <span class=\"ci-news-card__cat\">Sentiment<\/span>\n            <h4>Market Sentiment Index: T\u1eeb Fear Sang Greed Ch\u1ec9 Trong 7 Ng\u00e0y<\/h4>\n            <span class=\"ci-news-card__date\">18 Th\u00e1ng 2, 2026<\/span>\n          <\/div>\n        <\/div>\n      <\/div>\n    <\/div>\n    <div class=\"ci-center\">\n      <a href=\"\/blog\" class=\"ci-btn ci-btn--primary\">Xem T\u1ea5t C\u1ea3 Insight<\/a>\n    <\/div>\n  <\/div>\n<\/section>\n\n<!-- ========== TESTIMONIALS ========== -->\n<section class=\"ci-section ci-testimonials\" id=\"ci-testimonials\">\n  <div class=\"ci-container\">\n    <div class=\"ci-section__header\">\n      <span class=\"ci-label\">\ud83d\udcac \u0110\u00e1nh Gi\u00e1<\/span>\n      <h2 class=\"ci-section__title\">Ng\u01b0\u1eddi D\u00f9ng N\u00f3i G\u00ec V\u1ec1 <span class=\"ci-gradient-text\">CryptoInsight Pro?<\/span><\/h2>\n    <\/div>\n    <div class=\"ci-testimonials__grid\">\n      <div class=\"ci-testimonial-card\">\n        <div class=\"ci-testimonial-card__stars\">\u2605\u2605\u2605\u2605\u2605<\/div>\n        <p class=\"ci-testimonial-card__text\">&#8220;AI Signal c\u1ee7a CryptoInsight Pro \u0111\u00e3 gi\u00fap t\u00f4i tr\u00e1nh \u0111\u01b0\u1ee3c 2 \u0111\u1ee3t dump l\u1edbn trong n\u0103m ngo\u00e1i. T\u00edn hi\u1ec7u c\u1ea3nh b\u00e1o tr\u01b0\u1edbc 6\u201312 gi\u1edd r\u1ea5t ch\u00ednh x\u00e1c. \u0110\u00e2y l\u00e0 c\u00f4ng c\u1ee5 kh\u00f4ng th\u1ec3 thi\u1ebfu trong b\u1ed9 toolkit c\u1ee7a t\u00f4i.&#8221;<\/p>\n        <div class=\"ci-testimonial-card__author\">\n          <div class=\"ci-testimonial-card__avatar\">BT<\/div>\n          <div><strong>B\u1ea3o Tr\u00e2n<\/strong><span>Crypto Trader \u00b7 TP. HCM<\/span><\/div>\n        <\/div>\n      <\/div>\n      <div class=\"ci-testimonial-card ci-testimonial-card--featured\">\n        <div class=\"ci-testimonial-card__stars\">\u2605\u2605\u2605\u2605\u2605<\/div>\n        <p class=\"ci-testimonial-card__text\">&#8220;On-chain Intelligence v\u00e0 Whale Tracker c\u1ee7a n\u1ec1n t\u1ea3ng n\u00e0y cho t\u00f4i th\u1ea5y nh\u1eefng g\u00ec m\u00e0 chart th\u00f4ng th\u01b0\u1eddng kh\u00f4ng th\u1ec3 th\u1ea5y. T\u1eeb khi d\u00f9ng CryptoInsight Pro, win rate c\u1ee7a t\u00f4i t\u0103ng t\u1eeb 55% l\u00ean 78%!&#8221;<\/p>\n        <div class=\"ci-testimonial-card__author\">\n          <div class=\"ci-testimonial-card__avatar\">VH<\/div>\n          <div><strong>Vi\u1ec7t H\u00f9ng<\/strong><span>Portfolio Manager \u00b7 H\u00e0 N\u1ed9i<\/span><\/div>\n        <\/div>\n      <\/div>\n      <div class=\"ci-testimonial-card\">\n        <div class=\"ci-testimonial-card__stars\">\u2605\u2605\u2605\u2605\u2605<\/div>\n        <p class=\"ci-testimonial-card__text\">&#8220;T\u00ednh n\u0103ng Sentiment Analysis c\u1ee7a AI c\u1ef1c k\u1ef3 \u1ea5n t\u01b0\u1ee3ng. N\u00f3 b\u1eaft \u0111\u01b0\u1ee3c \u0111\u1ec9nh c\u1ee7a FOMO v\u00e0 \u0111\u00e1y c\u1ee7a panic selling ch\u00ednh x\u00e1c h\u01a1n b\u1ea5t k\u1ef3 indicator n\u00e0o t\u00f4i \u0111\u00e3 d\u00f9ng tr\u01b0\u1edbc \u0111\u00e2y.&#8221;<\/p>\n        <div class=\"ci-testimonial-card__author\">\n          <div class=\"ci-testimonial-card__avatar\">TM<\/div>\n          <div><strong>Th\u00e0nh Minh<\/strong><span>Quant Analyst \u00b7 \u0110\u00e0 N\u1eb5ng<\/span><\/div>\n        <\/div>\n      <\/div>\n    <\/div>\n  <\/div>\n<\/section>\n\n<!-- ========== CTA ========== -->\n<section class=\"ci-section ci-cta\" id=\"ci-cta\">\n  <div class=\"ci-container\">\n    <div class=\"ci-cta__inner\">\n      <div class=\"ci-cta__bg-orb ci-cta__bg-orb--1\"><\/div>\n      <div class=\"ci-cta__bg-orb ci-cta__bg-orb--2\"><\/div>\n      <span class=\"ci-label\">\ud83d\ude80 B\u1eaft \u0110\u1ea7u Ngay<\/span>\n      <h2 class=\"ci-cta__title\">\u0110\u1ec3 AI D\u1eabn D\u1eaft <br><span class=\"ci-gradient-text\">Quy\u1ebft \u0110\u1ecbnh \u0110\u1ea7u T\u01b0<\/span> C\u1ee7a B\u1ea1n!<\/h2>\n      <p class=\"ci-cta__desc\">Tham gia c\u00f9ng 150.000+ nh\u00e0 \u0111\u1ea7u t\u01b0 \u0111ang d\u00f9ng CryptoInsight Pro m\u1ed7i ng\u00e0y. \u0110\u0103ng k\u00fd nh\u1eadn AI insight v\u00e0 t\u00edn hi\u1ec7u th\u1ecb tr\u01b0\u1eddng \u2014 ho\u00e0n to\u00e0n mi\u1ec5n ph\u00ed.<\/p>\n      <form class=\"ci-cta__form\" onsubmit=\"return false;\">\n        <input type=\"email\" placeholder=\"Nh\u1eadp \u0111\u1ecba ch\u1ec9 email c\u1ee7a b\u1ea1n...\" class=\"ci-cta__input\" \/>\n        <button type=\"submit\" class=\"ci-btn ci-btn--primary\">Nh\u1eadn AI Insight Mi\u1ec5n Ph\u00ed<\/button>\n      <\/form>\n      <p class=\"ci-cta__note\">\u2713 Mi\u1ec5n ph\u00ed &nbsp;\u00b7&nbsp; \u2713 Kh\u00f4ng spam &nbsp;\u00b7&nbsp; \u2713 Hu\u1ef7 b\u1ea5t c\u1ee9 l\u00fac n\u00e0o<\/p>\n    <\/div>\n  <\/div>\n<\/section>\n","protected":false},"excerpt":{"rendered":"<p>\ud83e\udd16 AI-Powered \u00b7 On-chain Insight \u00b7 Crypto Intelligence Insight Crypto Chuy\u00ean S\u00e2u\u0110\u01b0\u1ee3c D\u1eabn D\u1eaft B\u1edfi AI N\u1ec1n t\u1ea3ng ph\u00e2n t\u00edch crypto th\u00f4ng minh \u2014 k\u1ebft h\u1ee3p d\u1eef li\u1ec7u on-chain, AI signal v\u00e0 research chuy\u00ean s\u00e2u \u0111\u1ec3 gi\u00fap b\u1ea1n lu\u00f4n \u0111i tr\u01b0\u1edbc th\u1ecb tr\u01b0\u1eddng. \ud83d\ude80 Kh\u00e1m Ph\u00e1 Insight V\u1ec1 Ch\u00fang T\u00f4i 10K+T\u00edn hi\u1ec7u AI 500+B\u00e1o c\u00e1o [&#8230;]\n","protected":false},"author":1,"featured_media":0,"parent":0,"menu_order":0,"comment_status":"closed","ping_status":"closed","template":"","meta":{"footnotes":""},"class_list":["post-9","page","type-page","status-publish","hentry"],"_links":{"self":[{"href":"https:\/\/cryptoinsightpro.site\/index.php?rest_route=\/wp\/v2\/pages\/9","targetHints":{"allow":["GET"]}}],"collection":[{"href":"https:\/\/cryptoinsightpro.site\/index.php?rest_route=\/wp\/v2\/pages"}],"about":[{"href":"https:\/\/cryptoinsightpro.site\/index.php?rest_route=\/wp\/v2\/types\/page"}],"author":[{"embeddable":true,"href":"https:\/\/cryptoinsightpro.site\/index.php?rest_route=\/wp\/v2\/users\/1"}],"replies":[{"embeddable":true,"href":"https:\/\/cryptoinsightpro.site\/index.php?rest_route=%2Fwp%2Fv2%2Fcomments&post=9"}],"version-history":[{"count":1,"href":"https:\/\/cryptoinsightpro.site\/index.php?rest_route=\/wp\/v2\/pages\/9\/revisions"}],"predecessor-version":[{"id":11,"href":"https:\/\/cryptoinsightpro.site\/index.php?rest_route=\/wp\/v2\/pages\/9\/revisions\/11"}],"wp:attachment":[{"href":"https:\/\/cryptoinsightpro.site\/index.php?rest_route=%2Fwp%2Fv2%2Fmedia&parent=9"}],"curies":[{"name":"wp","href":"https:\/\/api.w.org\/{rel}","templated":true}]}}